{"id":238,"date":"2026-03-26T21:31:00","date_gmt":"2026-03-26T20:31:00","guid":{"rendered":"http:\/\/wordpress.p706250.webspaceconfig.de\/?page_id=238"},"modified":"2026-04-10T12:34:38","modified_gmt":"2026-04-10T10:34:38","slug":"home","status":"publish","type":"page","link":"https:\/\/leon-help.org\/en\/","title":{"rendered":"Home"},"content":{"rendered":"<div data-elementor-type=\"wp-page\" data-elementor-id=\"238\" class=\"elementor elementor-238\" data-elementor-post-type=\"page\">\n\t\t\t\t\t\t<section class=\"elementor-section elementor-top-section elementor-element elementor-element-fa96627 elementor-section-full_width elementor-section-height-default elementor-section-height-default\" data-id=\"fa96627\" data-element_type=\"section\" data-e-type=\"section\">\n\t\t\t\t\t\t<div class=\"elementor-container elementor-column-gap-default\">\n\t\t\t\t\t<div class=\"elementor-column elementor-col-100 elementor-top-column elementor-element elementor-element-a67dc4b\" data-id=\"a67dc4b\" data-element_type=\"column\" data-e-type=\"column\">\n\t\t\t<div class=\"elementor-widget-wrap elementor-element-populated\">\n\t\t\t\t\t\t<div class=\"elementor-element elementor-element-eb68f0d elementor--h-position-center elementor--v-position-middle elementor-arrows-position-inside elementor-pagination-position-inside elementor-widget elementor-widget-slides\" data-id=\"eb68f0d\" data-element_type=\"widget\" data-e-type=\"widget\" data-settings=\"{&quot;navigation&quot;:&quot;both&quot;,&quot;autoplay&quot;:&quot;yes&quot;,&quot;pause_on_hover&quot;:&quot;yes&quot;,&quot;pause_on_interaction&quot;:&quot;yes&quot;,&quot;autoplay_speed&quot;:5000,&quot;infinite&quot;:&quot;yes&quot;,&quot;transition&quot;:&quot;slide&quot;,&quot;transition_speed&quot;:500}\" data-widget_type=\"slides.default\">\n\t\t\t\t<div class=\"elementor-widget-container\">\n\t\t\t\t\t\t\t\t\t<div class=\"elementor-swiper\">\n\t\t\t\t\t<div class=\"elementor-slides-wrapper elementor-main-swiper swiper\" role=\"region\" aria-roledescription=\"carousel\" aria-label=\"Slider\" dir=\"ltr\" data-animation=\"fadeInUp\">\n\t\t\t\t<div class=\"swiper-wrapper elementor-slides\">\n\t\t\t\t\t\t\t\t\t\t<div class=\"elementor-repeater-item-0b3164d swiper-slide\" role=\"group\" aria-roledescription=\"slide\"><div class=\"swiper-slide-bg elementor-ken-burns elementor-ken-burns--in\" role=\"img\" aria-label=\"Portrait group of young Asian disabled child student standing in front of chalkboard in element classroom\"><\/div><div class=\"swiper-slide-inner\" ><div class=\"swiper-slide-contents\"><div class=\"elementor-slide-heading\">Building bridges. Opening up new horizons.<\/div><\/div><\/div><\/div><div class=\"elementor-repeater-item-ab714aa swiper-slide\" role=\"group\" aria-roledescription=\"slide\"><div class=\"swiper-slide-bg elementor-ken-burns elementor-ken-burns--in\" role=\"img\" aria-label=\"ar-_a1mNdnHE2E-unsplash\"><\/div><div class=\"swiper-slide-inner\" ><div class=\"swiper-slide-contents\"><div class=\"elementor-slide-heading\">Building bridges. Opening up new horizons.<\/div><\/div><\/div><\/div><div class=\"elementor-repeater-item-c972bc9 swiper-slide\" role=\"group\" aria-roledescription=\"slide\"><div class=\"swiper-slide-bg elementor-ken-burns elementor-ken-burns--in\" role=\"img\" aria-label=\"disabled-child-on-wheelchair-on-the-sea-beach-at-s-2026-03-16-03-28-55-utc\"><\/div><div class=\"swiper-slide-inner\" ><div class=\"swiper-slide-contents\"><div class=\"elementor-slide-heading\">Building bridges. Opening up new horizons.<\/div><\/div><\/div><\/div>\t\t\t\t<\/div>\n\t\t\t\t\t\t\t\t\t\t\t\t\t\t\t<div class=\"elementor-swiper-button elementor-swiper-button-prev\" role=\"button\" tabindex=\"0\" aria-label=\"Vorheriger Slide\">\n\t\t\t\t\t\t\t<svg aria-hidden=\"true\" class=\"e-font-icon-svg e-eicon-chevron-left\" viewbox=\"0 0 1000 1000\" xmlns=\"http:\/\/www.w3.org\/2000\/svg\"><path d=\"M646 125C629 125 613 133 604 142L308 442C296 454 292 471 292 487 292 504 296 521 308 533L604 854C617 867 629 875 646 875 663 875 679 871 692 858 704 846 713 829 713 812 713 796 708 779 692 767L438 487 692 225C700 217 708 204 708 187 708 171 704 154 692 142 675 129 663 125 646 125Z\"><\/path><\/svg>\t\t\t\t\t\t<\/div>\n\t\t\t\t\t\t<div class=\"elementor-swiper-button elementor-swiper-button-next\" role=\"button\" tabindex=\"0\" aria-label=\"N\u00e4chster Slide\">\n\t\t\t\t\t\t\t<svg aria-hidden=\"true\" class=\"e-font-icon-svg e-eicon-chevron-right\" viewbox=\"0 0 1000 1000\" xmlns=\"http:\/\/www.w3.org\/2000\/svg\"><path d=\"M696 533C708 521 713 504 713 487 713 471 708 454 696 446L400 146C388 133 375 125 354 125 338 125 325 129 313 142 300 154 292 171 292 187 292 204 296 221 308 233L563 492 304 771C292 783 288 800 288 817 288 833 296 850 308 863 321 871 338 875 354 875 371 875 388 867 400 854L696 533Z\"><\/path><\/svg>\t\t\t\t\t\t<\/div>\n\t\t\t\t\t\t\t\t\t\t\t\t\t\t\t\t<div class=\"swiper-pagination\"><\/div>\n\t\t\t\t\t\t\t\t\t\t\t\t<\/div>\n\t\t\t\t<\/div>\n\t\t\t\t\t\t\t\t<\/div>\n\t\t\t\t<\/div>\n\t\t\t\t\t<\/div>\n\t\t<\/div>\n\t\t\t\t\t<\/div>\n\t\t<\/section>\n\t\t\t\t<section class=\"elementor-section elementor-top-section elementor-element elementor-element-65e9ca3 elementor-section-boxed elementor-section-height-default elementor-section-height-default\" data-id=\"65e9ca3\" data-element_type=\"section\" data-e-type=\"section\">\n\t\t\t\t\t\t<div class=\"elementor-container elementor-column-gap-default\">\n\t\t\t\t\t<div class=\"elementor-column elementor-col-100 elementor-top-column elementor-element elementor-element-514e1e5\" data-id=\"514e1e5\" data-element_type=\"column\" data-e-type=\"column\">\n\t\t\t<div class=\"elementor-widget-wrap elementor-element-populated\">\n\t\t\t\t\t\t<div class=\"elementor-element elementor-element-ba48706 elementor-widget elementor-widget-heading\" data-id=\"ba48706\" data-element_type=\"widget\" data-e-type=\"widget\" data-widget_type=\"heading.default\">\n\t\t\t\t<div class=\"elementor-widget-container\">\n\t\t\t\t\t<h2 class=\"elementor-heading-title elementor-size-default\">Building bridges. Opening up new horizons.\n<\/h2>\t\t\t\t<\/div>\n\t\t\t\t<\/div>\n\t\t\t\t<div class=\"elementor-element elementor-element-e842f9c elementor-widget elementor-widget-heading\" data-id=\"e842f9c\" data-element_type=\"widget\" data-e-type=\"widget\" data-widget_type=\"heading.default\">\n\t\t\t\t<div class=\"elementor-widget-container\">\n\t\t\t\t\t<h2 class=\"elementor-heading-title elementor-size-default\">Creating opportunities: finding a way out of hardship by helping people to help themselves<\/h2>\t\t\t\t<\/div>\n\t\t\t\t<\/div>\n\t\t\t\t<div class=\"elementor-element elementor-element-1cb71df elementor-widget elementor-widget-text-editor\" data-id=\"1cb71df\" data-element_type=\"widget\" data-e-type=\"widget\" data-widget_type=\"text-editor.default\">\n\t\t\t\t<div class=\"elementor-widget-container\">\n\t\t\t\t\t\t\t\t\t<p><span class=\"a_GcMg font-feature-liga-off font-feature-clig-off font-feature-calt-off text-decoration-none text-strikethrough-none\">The LEON charity is dedicated to making a lasting difference to the lives of children in the Philippines who are affected by illness, disability or poverty. Our aim is not merely to alleviate immediate hardship, but to provide genuine coping strategies and new prospects for the future.<\/span><\/p>\t\t\t\t\t\t\t\t<\/div>\n\t\t\t\t<\/div>\n\t\t\t\t<div class=\"elementor-element elementor-element-b52d375 elementor-widget elementor-widget-text-editor\" data-id=\"b52d375\" data-element_type=\"widget\" data-e-type=\"widget\" data-widget_type=\"text-editor.default\">\n\t\t\t\t<div class=\"elementor-widget-container\">\n\t\t\t\t\t\t\t\t\t<p class=\"translation-block\">Through our charity LEON, we help sick and disadvantaged children to help themselves: <br>\u2013 We nurture their individual strengths<br>\u2013 We help them break out of social isolation<br>\u2013 We facilitate interactions between children with and without disabilities<\/p>\t\t\t\t\t\t\t\t<\/div>\n\t\t\t\t<\/div>\n\t\t\t\t<div class=\"elementor-element elementor-element-ed0abd4 elementor-widget elementor-widget-text-editor\" data-id=\"ed0abd4\" data-element_type=\"widget\" data-e-type=\"widget\" data-widget_type=\"text-editor.default\">\n\t\t\t\t<div class=\"elementor-widget-container\">\n\t\t\t\t\t\t\t\t\t<p class=\"translation-block\">We don\u2019t just provide the bare necessities for survival,<br>but also tools, opportunities and a sense of community,<br>so that children can reach their full potential.<\/p>\t\t\t\t\t\t\t\t<\/div>\n\t\t\t\t<\/div>\n\t\t\t\t<div class=\"elementor-element elementor-element-e4c507b elementor-widget elementor-widget-heading\" data-id=\"e4c507b\" data-element_type=\"widget\" data-e-type=\"widget\" data-widget_type=\"heading.default\">\n\t\t\t\t<div class=\"elementor-widget-container\">\n\t\t\t\t\t<h2 class=\"elementor-heading-title elementor-size-default\">And if we can help older people in need in the process, we do so with just as much dedication.<\/h2>\t\t\t\t<\/div>\n\t\t\t\t<\/div>\n\t\t\t\t\t<\/div>\n\t\t<\/div>\n\t\t\t\t\t<\/div>\n\t\t<\/section>\n\t\t\t\t<section class=\"elementor-section elementor-top-section elementor-element elementor-element-85fdf6e elementor-section-boxed elementor-section-height-default elementor-section-height-default\" data-id=\"85fdf6e\" data-element_type=\"section\" data-e-type=\"section\">\n\t\t\t\t\t\t<div class=\"elementor-container elementor-column-gap-default\">\n\t\t\t\t\t<div class=\"elementor-column elementor-col-100 elementor-top-column elementor-element elementor-element-6e27a50\" data-id=\"6e27a50\" data-element_type=\"column\" data-e-type=\"column\">\n\t\t\t<div class=\"elementor-widget-wrap elementor-element-populated\">\n\t\t\t\t\t\t<section class=\"elementor-section elementor-inner-section elementor-element elementor-element-1339bf4 elementor-section-boxed elementor-section-height-default elementor-section-height-default\" data-id=\"1339bf4\" data-element_type=\"section\" data-e-type=\"section\">\n\t\t\t\t\t\t<div class=\"elementor-container elementor-column-gap-default\">\n\t\t\t\t\t<div class=\"elementor-column elementor-col-50 elementor-inner-column elementor-element elementor-element-d251300\" data-id=\"d251300\" data-element_type=\"column\" data-e-type=\"column\">\n\t\t\t<div class=\"elementor-widget-wrap elementor-element-populated\">\n\t\t\t\t\t\t<div class=\"elementor-element elementor-element-eaea34c elementor-align-center elementor-widget elementor-widget-button\" data-id=\"eaea34c\" data-element_type=\"widget\" data-e-type=\"widget\" data-widget_type=\"button.default\">\n\t\t\t\t<div class=\"elementor-widget-container\">\n\t\t\t\t\t\t\t\t\t<div class=\"elementor-button-wrapper\">\n\t\t\t\t\t<a class=\"elementor-button elementor-button-link elementor-size-sm\" href=\"mailto:kontakt@leon-help.org\" target=\"_blank\">\n\t\t\t\t\t\t<span class=\"elementor-button-content-wrapper\">\n\t\t\t\t\t\t\t\t\t<span class=\"elementor-button-text\">Stay up to date<\/span>\n\t\t\t\t\t<\/span>\n\t\t\t\t\t<\/a>\n\t\t\t\t<\/div>\n\t\t\t\t\t\t\t\t<\/div>\n\t\t\t\t<\/div>\n\t\t\t\t\t<\/div>\n\t\t<\/div>\n\t\t\t\t<div class=\"elementor-column elementor-col-50 elementor-inner-column elementor-element elementor-element-1e2ac31\" data-id=\"1e2ac31\" data-element_type=\"column\" data-e-type=\"column\">\n\t\t\t<div class=\"elementor-widget-wrap elementor-element-populated\">\n\t\t\t\t\t\t<div class=\"elementor-element elementor-element-9612d15 elementor-align-center elementor-widget elementor-widget-button\" data-id=\"9612d15\" data-element_type=\"widget\" data-e-type=\"widget\" data-widget_type=\"button.default\">\n\t\t\t\t<div class=\"elementor-widget-container\">\n\t\t\t\t\t\t\t\t\t<div class=\"elementor-button-wrapper\">\n\t\t\t\t\t<a class=\"elementor-button elementor-button-link elementor-size-sm\" href=\"https:\/\/leon-help.org\/wp-content\/uploads\/2026\/04\/LEON-A5-Flyer-Englisch.pdf\" target=\"_blank\">\n\t\t\t\t\t\t<span class=\"elementor-button-content-wrapper\">\n\t\t\t\t\t\t\t\t\t<span class=\"elementor-button-text\">View the flyer<\/span>\n\t\t\t\t\t<\/span>\n\t\t\t\t\t<\/a>\n\t\t\t\t<\/div>\n\t\t\t\t\t\t\t\t<\/div>\n\t\t\t\t<\/div>\n\t\t\t\t\t<\/div>\n\t\t<\/div>\n\t\t\t\t\t<\/div>\n\t\t<\/section>\n\t\t\t\t\t<\/div>\n\t\t<\/div>\n\t\t\t\t\t<\/div>\n\t\t<\/section>\n\t\t\t\t<\/div>","protected":false},"excerpt":{"rendered":"<p>Br\u00fccken bauen. Perspektiven schenken.Br\u00fccken bauen. Perspektiven schenken.Br\u00fccken bauen. Perspektiven schenken. Gemeinsam stark f\u00fcr die Kinder der Philippinen Perspektiven schaffen: Wege aus der Not durch Hilfe zur Selbsthilfe Der Verein LEON hat es sich zur Aufgabe gemacht, das Leben von Kindern auf den Philippinen, die von Krankheit, Behinderung oder Armut betroffen sind, nachhaltig zu verbessern. Unser [&hellip;]<\/p>\n","protected":false},"author":4,"featured_media":0,"parent":0,"menu_order":0,"comment_status":"closed","ping_status":"closed","template":"","meta":{"_monsterinsights_skip_tracking":false,"_monsterinsights_sitenote_active":false,"_monsterinsights_sitenote_note":"","_monsterinsights_sitenote_category":0,"footnotes":""},"class_list":["post-238","page","type-page","status-publish","hentry"],"yoast_head":"<!-- This site is optimized with the Yoast SEO plugin v27.5 - https:\/\/yoast.com\/product\/yoast-seo-wordpress\/ -->\n<title>Home - Verein Leon<\/title>\n<meta name=\"robots\" content=\"index, follow, max-snippet:-1, max-image-preview:large, max-video-preview:-1\" \/>\n<link rel=\"canonical\" href=\"https:\/\/leon-help.org\/en\/\" \/>\n<meta property=\"og:locale\" content=\"en_US\" \/>\n<meta property=\"og:type\" content=\"article\" \/>\n<meta property=\"og:title\" content=\"Home - Verein Leon\" \/>\n<meta property=\"og:description\" content=\"Br\u00fccken bauen. Perspektiven schenken.Br\u00fccken bauen. Perspektiven schenken.Br\u00fccken bauen. Perspektiven schenken. Gemeinsam stark f\u00fcr die Kinder der Philippinen Perspektiven schaffen: Wege aus der Not durch Hilfe zur Selbsthilfe Der Verein LEON hat es sich zur Aufgabe gemacht, das Leben von Kindern auf den Philippinen, die von Krankheit, Behinderung oder Armut betroffen sind, nachhaltig zu verbessern. Unser [&hellip;]\" \/>\n<meta property=\"og:url\" content=\"https:\/\/leon-help.org\/en\/\" \/>\n<meta property=\"og:site_name\" content=\"Verein Leon\" \/>\n<meta property=\"article:modified_time\" content=\"2026-04-10T10:34:38+00:00\" \/>\n<meta name=\"twitter:card\" content=\"summary_large_image\" \/>\n<meta name=\"twitter:label1\" content=\"Est. reading time\" \/>\n\t<meta name=\"twitter:data1\" content=\"1 minute\" \/>\n<script type=\"application\/ld+json\" class=\"yoast-schema-graph\">{\"@context\":\"https:\\\/\\\/schema.org\",\"@graph\":[{\"@type\":\"WebPage\",\"@id\":\"https:\\\/\\\/leon-help.org\\\/\",\"url\":\"https:\\\/\\\/leon-help.org\\\/\",\"name\":\"Home - Verein Leon\",\"isPartOf\":{\"@id\":\"https:\\\/\\\/leon-help.org\\\/#website\"},\"datePublished\":\"2026-03-26T20:31:00+00:00\",\"dateModified\":\"2026-04-10T10:34:38+00:00\",\"breadcrumb\":{\"@id\":\"https:\\\/\\\/leon-help.org\\\/#breadcrumb\"},\"inLanguage\":\"en-US\",\"potentialAction\":[{\"@type\":\"ReadAction\",\"target\":[\"https:\\\/\\\/leon-help.org\\\/\"]}]},{\"@type\":\"BreadcrumbList\",\"@id\":\"https:\\\/\\\/leon-help.org\\\/#breadcrumb\",\"itemListElement\":[{\"@type\":\"ListItem\",\"position\":1,\"name\":\"Startseite\",\"item\":\"https:\\\/\\\/leon-help.org\\\/\"},{\"@type\":\"ListItem\",\"position\":2,\"name\":\"Home\"}]},{\"@type\":\"WebSite\",\"@id\":\"https:\\\/\\\/leon-help.org\\\/#website\",\"url\":\"https:\\\/\\\/leon-help.org\\\/\",\"name\":\"Verein Leon\",\"description\":\"\",\"publisher\":{\"@id\":\"https:\\\/\\\/leon-help.org\\\/#organization\"},\"potentialAction\":[{\"@type\":\"SearchAction\",\"target\":{\"@type\":\"EntryPoint\",\"urlTemplate\":\"https:\\\/\\\/leon-help.org\\\/?s={search_term_string}\"},\"query-input\":{\"@type\":\"PropertyValueSpecification\",\"valueRequired\":true,\"valueName\":\"search_term_string\"}}],\"inLanguage\":\"en-US\"},{\"@type\":\"Organization\",\"@id\":\"https:\\\/\\\/leon-help.org\\\/#organization\",\"name\":\"Verein Leon\",\"url\":\"https:\\\/\\\/leon-help.org\\\/\",\"logo\":{\"@type\":\"ImageObject\",\"inLanguage\":\"en-US\",\"@id\":\"https:\\\/\\\/leon-help.org\\\/#\\\/schema\\\/logo\\\/image\\\/\",\"url\":\"https:\\\/\\\/leon-help.org\\\/wp-content\\\/uploads\\\/2026\\\/03\\\/Logo_Leon-2-e1774259855671.png\",\"contentUrl\":\"https:\\\/\\\/leon-help.org\\\/wp-content\\\/uploads\\\/2026\\\/03\\\/Logo_Leon-2-e1774259855671.png\",\"width\":840,\"height\":910,\"caption\":\"Verein Leon\"},\"image\":{\"@id\":\"https:\\\/\\\/leon-help.org\\\/#\\\/schema\\\/logo\\\/image\\\/\"}}]}<\/script>\n<!-- \/ Yoast SEO plugin. -->","yoast_head_json":{"title":"Home - Verein Leon","robots":{"index":"index","follow":"follow","max-snippet":"max-snippet:-1","max-image-preview":"max-image-preview:large","max-video-preview":"max-video-preview:-1"},"canonical":"https:\/\/leon-help.org\/en\/","og_locale":"en_US","og_type":"article","og_title":"Home - Verein Leon","og_description":"Br\u00fccken bauen. Perspektiven schenken.Br\u00fccken bauen. Perspektiven schenken.Br\u00fccken bauen. Perspektiven schenken. Gemeinsam stark f\u00fcr die Kinder der Philippinen Perspektiven schaffen: Wege aus der Not durch Hilfe zur Selbsthilfe Der Verein LEON hat es sich zur Aufgabe gemacht, das Leben von Kindern auf den Philippinen, die von Krankheit, Behinderung oder Armut betroffen sind, nachhaltig zu verbessern. Unser [&hellip;]","og_url":"https:\/\/leon-help.org\/en\/","og_site_name":"Verein Leon","article_modified_time":"2026-04-10T10:34:38+00:00","twitter_card":"summary_large_image","twitter_misc":{"Est. reading time":"1 minute"},"schema":{"@context":"https:\/\/schema.org","@graph":[{"@type":"WebPage","@id":"https:\/\/leon-help.org\/","url":"https:\/\/leon-help.org\/","name":"Home - Verein Leon","isPartOf":{"@id":"https:\/\/leon-help.org\/#website"},"datePublished":"2026-03-26T20:31:00+00:00","dateModified":"2026-04-10T10:34:38+00:00","breadcrumb":{"@id":"https:\/\/leon-help.org\/#breadcrumb"},"inLanguage":"en-US","potentialAction":[{"@type":"ReadAction","target":["https:\/\/leon-help.org\/"]}]},{"@type":"BreadcrumbList","@id":"https:\/\/leon-help.org\/#breadcrumb","itemListElement":[{"@type":"ListItem","position":1,"name":"Startseite","item":"https:\/\/leon-help.org\/"},{"@type":"ListItem","position":2,"name":"Home"}]},{"@type":"WebSite","@id":"https:\/\/leon-help.org\/#website","url":"https:\/\/leon-help.org\/","name":"Verein Leon","description":"","publisher":{"@id":"https:\/\/leon-help.org\/#organization"},"potentialAction":[{"@type":"SearchAction","target":{"@type":"EntryPoint","urlTemplate":"https:\/\/leon-help.org\/?s={search_term_string}"},"query-input":{"@type":"PropertyValueSpecification","valueRequired":true,"valueName":"search_term_string"}}],"inLanguage":"en-US"},{"@type":"Organization","@id":"https:\/\/leon-help.org\/#organization","name":"Verein Leon","url":"https:\/\/leon-help.org\/","logo":{"@type":"ImageObject","inLanguage":"en-US","@id":"https:\/\/leon-help.org\/#\/schema\/logo\/image\/","url":"https:\/\/leon-help.org\/wp-content\/uploads\/2026\/03\/Logo_Leon-2-e1774259855671.png","contentUrl":"https:\/\/leon-help.org\/wp-content\/uploads\/2026\/03\/Logo_Leon-2-e1774259855671.png","width":840,"height":910,"caption":"Verein Leon"},"image":{"@id":"https:\/\/leon-help.org\/#\/schema\/logo\/image\/"}}]}},"_links":{"self":[{"href":"https:\/\/leon-help.org\/en\/wp-json\/wp\/v2\/pages\/238","targetHints":{"allow":["GET"]}}],"collection":[{"href":"https:\/\/leon-help.org\/en\/wp-json\/wp\/v2\/pages"}],"about":[{"href":"https:\/\/leon-help.org\/en\/wp-json\/wp\/v2\/types\/page"}],"author":[{"embeddable":true,"href":"https:\/\/leon-help.org\/en\/wp-json\/wp\/v2\/users\/4"}],"replies":[{"embeddable":true,"href":"https:\/\/leon-help.org\/en\/wp-json\/wp\/v2\/comments?post=238"}],"version-history":[{"count":41,"href":"https:\/\/leon-help.org\/en\/wp-json\/wp\/v2\/pages\/238\/revisions"}],"predecessor-version":[{"id":345,"href":"https:\/\/leon-help.org\/en\/wp-json\/wp\/v2\/pages\/238\/revisions\/345"}],"wp:attachment":[{"href":"https:\/\/leon-help.org\/en\/wp-json\/wp\/v2\/media?parent=238"}],"curies":[{"name":"wp","href":"https:\/\/api.w.org\/{rel}","templated":true}]}}